{"id":40,"date":"2023-01-13T15:04:29","date_gmt":"2023-01-13T14:04:29","guid":{"rendered":"https:\/\/www.lune-bordeaux.fr\/index.php\/page-daccueil\/"},"modified":"2025-11-13T15:57:24","modified_gmt":"2025-11-13T14:57:24","slug":"page-daccueil","status":"publish","type":"page","link":"https:\/\/www.lune-bordeaux.fr\/","title":{"rendered":"Bienvenue chez Lune P\u00e2tisserie &amp; Vins"},"content":{"rendered":"\n<div class=\"wp-block-media-text alignwide is-stacked-on-mobile\"><figure class=\"wp-block-media-text__media\"><img loading=\"lazy\" decoding=\"async\" width=\"303\" height=\"396\" src=\"https:\/\/www.lune-bordeaux.fr\/wp-content\/uploads\/2023\/01\/2021-12-28-1-e1673966759777.jpg\" alt=\"\" class=\"wp-image-68 size-full\" srcset=\"https:\/\/www.lune-bordeaux.fr\/wp-content\/uploads\/2023\/01\/2021-12-28-1-e1673966759777.jpg 303w, https:\/\/www.lune-bordeaux.fr\/wp-content\/uploads\/2023\/01\/2021-12-28-1-e1673966759777-230x300.jpg 230w\" sizes=\"auto, (max-width: 303px) 100vw, 303px\" \/><\/figure><div class=\"wp-block-media-text__content\">\n<p class=\"has-medium-font-size\"><strong>Lune P\u00e2tisserie &amp; Vins<\/strong> se situe<\/p>\n\n\n\n<p class=\"has-medium-font-size\">105 Quai des Chartrons, Bordeaux<\/p>\n\n\n\n<p>Votre P\u00e2tisserie a d\u00e9finitivement Ferm\u00e9 ses portes. <\/p>\n\n\n\n<p>Merci \u00e0 notre aimable Client\u00e8le pour sa fid\u00e9lit\u00e9 durant ces 4 ann\u00e9es pass\u00e9es ensemble.<\/p>\n\n\n\n<div class=\"wp-block-buttons is-content-justification-center is-layout-flex wp-container-core-buttons-is-layout-16018d1d wp-block-buttons-is-layout-flex\">\n<div class=\"wp-block-button\"><a class=\"wp-block-button__link wp-element-button\">Passer une commande<\/a><\/div>\n<\/div>\n<\/div><\/div>\n\n\n\n<hr class=\"wp-block-separator has-alpha-channel-opacity\" \/>\n\n\n\n<h2 class=\"wp-block-heading has-text-align-center\">En ce moment \u00e0 la carte<\/h2>\n\n\n\n<figure class=\"wp-block-gallery aligncenter has-nested-images columns-default is-cropped wp-block-gallery-1 is-layout-flex wp-block-gallery-is-layout-flex\">\n<figure class=\"wp-block-image size-large\"><img loading=\"lazy\" decoding=\"async\" width=\"768\" height=\"1024\" data-id=\"292\" src=\"https:\/\/www.lune-bordeaux.fr\/wp-content\/uploads\/2025\/10\/IMG-20250930-WA0006-768x1024.jpg\" alt=\"\" class=\"wp-image-292\" srcset=\"https:\/\/www.lune-bordeaux.fr\/wp-content\/uploads\/2025\/10\/IMG-20250930-WA0006-768x1024.jpg 768w, https:\/\/www.lune-bordeaux.fr\/wp-content\/uploads\/2025\/10\/IMG-20250930-WA0006-225x300.jpg 225w, https:\/\/www.lune-bordeaux.fr\/wp-content\/uploads\/2025\/10\/IMG-20250930-WA0006-1152x1536.jpg 1152w, https:\/\/www.lune-bordeaux.fr\/wp-content\/uploads\/2025\/10\/IMG-20250930-WA0006-1536x2048.jpg 1536w, https:\/\/www.lune-bordeaux.fr\/wp-content\/uploads\/2025\/10\/IMG-20250930-WA0006-416x555.jpg 416w, https:\/\/www.lune-bordeaux.fr\/wp-content\/uploads\/2025\/10\/IMG-20250930-WA0006-scaled.jpg 1920w\" sizes=\"auto, (max-width: 768px) 100vw, 768px\" \/><figcaption class=\"wp-element-caption\">Cheesecake Passion\/Mangue<\/figcaption><\/figure>\n\n\n\n<figure class=\"wp-block-image size-large\"><img loading=\"lazy\" decoding=\"async\" width=\"768\" height=\"1024\" data-id=\"268\" src=\"https:\/\/www.lune-bordeaux.fr\/wp-content\/uploads\/2025\/02\/IMG-20250217-WA0008-768x1024.jpg\" alt=\"\" class=\"wp-image-268\" srcset=\"https:\/\/www.lune-bordeaux.fr\/wp-content\/uploads\/2025\/02\/IMG-20250217-WA0008-768x1024.jpg 768w, https:\/\/www.lune-bordeaux.fr\/wp-content\/uploads\/2025\/02\/IMG-20250217-WA0008-225x300.jpg 225w, https:\/\/www.lune-bordeaux.fr\/wp-content\/uploads\/2025\/02\/IMG-20250217-WA0008-1152x1536.jpg 1152w, https:\/\/www.lune-bordeaux.fr\/wp-content\/uploads\/2025\/02\/IMG-20250217-WA0008-1536x2048.jpg 1536w, https:\/\/www.lune-bordeaux.fr\/wp-content\/uploads\/2025\/02\/IMG-20250217-WA0008-416x555.jpg 416w, https:\/\/www.lune-bordeaux.fr\/wp-content\/uploads\/2025\/02\/IMG-20250217-WA0008-scaled.jpg 1920w\" sizes=\"auto, (max-width: 768px) 100vw, 768px\" \/><figcaption class=\"wp-element-caption\">Entremet Chocolat Pralin\u00e9<\/figcaption><\/figure>\n\n\n\n<figure class=\"wp-block-image size-large\"><img loading=\"lazy\" decoding=\"async\" width=\"769\" height=\"1024\" data-id=\"288\" src=\"https:\/\/www.lune-bordeaux.fr\/wp-content\/uploads\/2025\/08\/20250829_140009-COLLAGE-769x1024.jpg\" alt=\"\" class=\"wp-image-288\" srcset=\"https:\/\/www.lune-bordeaux.fr\/wp-content\/uploads\/2025\/08\/20250829_140009-COLLAGE-769x1024.jpg 769w, https:\/\/www.lune-bordeaux.fr\/wp-content\/uploads\/2025\/08\/20250829_140009-COLLAGE-225x300.jpg 225w, https:\/\/www.lune-bordeaux.fr\/wp-content\/uploads\/2025\/08\/20250829_140009-COLLAGE-768x1023.jpg 768w, https:\/\/www.lune-bordeaux.fr\/wp-content\/uploads\/2025\/08\/20250829_140009-COLLAGE-1153x1536.jpg 1153w, https:\/\/www.lune-bordeaux.fr\/wp-content\/uploads\/2025\/08\/20250829_140009-COLLAGE-1538x2048.jpg 1538w, https:\/\/www.lune-bordeaux.fr\/wp-content\/uploads\/2025\/08\/20250829_140009-COLLAGE-416x554.jpg 416w, https:\/\/www.lune-bordeaux.fr\/wp-content\/uploads\/2025\/08\/20250829_140009-COLLAGE-scaled.jpg 1922w\" sizes=\"auto, (max-width: 769px) 100vw, 769px\" \/><figcaption class=\"wp-element-caption\">Les Tartes Bourdaloue ou Figues<\/figcaption><\/figure>\n\n\n\n<figure class=\"wp-block-image size-large\"><img loading=\"lazy\" decoding=\"async\" width=\"768\" height=\"1024\" data-id=\"289\" src=\"https:\/\/www.lune-bordeaux.fr\/wp-content\/uploads\/2025\/08\/IMG-20250825-WA0005-768x1024.jpg\" alt=\"\" class=\"wp-image-289\" srcset=\"https:\/\/www.lune-bordeaux.fr\/wp-content\/uploads\/2025\/08\/IMG-20250825-WA0005-768x1024.jpg 768w, https:\/\/www.lune-bordeaux.fr\/wp-content\/uploads\/2025\/08\/IMG-20250825-WA0005-225x300.jpg 225w, https:\/\/www.lune-bordeaux.fr\/wp-content\/uploads\/2025\/08\/IMG-20250825-WA0005-1152x1536.jpg 1152w, https:\/\/www.lune-bordeaux.fr\/wp-content\/uploads\/2025\/08\/IMG-20250825-WA0005-1536x2048.jpg 1536w, https:\/\/www.lune-bordeaux.fr\/wp-content\/uploads\/2025\/08\/IMG-20250825-WA0005-416x555.jpg 416w, https:\/\/www.lune-bordeaux.fr\/wp-content\/uploads\/2025\/08\/IMG-20250825-WA0005-scaled.jpg 1920w\" sizes=\"auto, (max-width: 768px) 100vw, 768px\" \/><figcaption class=\"wp-element-caption\">Les Flans<\/figcaption><\/figure>\n\n\n\n<figure class=\"wp-block-image size-large\"><img loading=\"lazy\" decoding=\"async\" width=\"768\" height=\"1024\" data-id=\"262\" src=\"https:\/\/www.lune-bordeaux.fr\/wp-content\/uploads\/2025\/02\/IMG_20250210_154346-768x1024.jpg\" alt=\"\" class=\"wp-image-262\" srcset=\"https:\/\/www.lune-bordeaux.fr\/wp-content\/uploads\/2025\/02\/IMG_20250210_154346-768x1024.jpg 768w, https:\/\/www.lune-bordeaux.fr\/wp-content\/uploads\/2025\/02\/IMG_20250210_154346-225x300.jpg 225w, https:\/\/www.lune-bordeaux.fr\/wp-content\/uploads\/2025\/02\/IMG_20250210_154346-1152x1536.jpg 1152w, https:\/\/www.lune-bordeaux.fr\/wp-content\/uploads\/2025\/02\/IMG_20250210_154346-1536x2048.jpg 1536w, https:\/\/www.lune-bordeaux.fr\/wp-content\/uploads\/2025\/02\/IMG_20250210_154346-416x555.jpg 416w, https:\/\/www.lune-bordeaux.fr\/wp-content\/uploads\/2025\/02\/IMG_20250210_154346-scaled.jpg 1920w\" sizes=\"auto, (max-width: 768px) 100vw, 768px\" \/><figcaption class=\"wp-element-caption\">Les Vins &amp; Champagnes<\/figcaption><\/figure>\n\n\n\n<figure class=\"wp-block-image size-large\"><img loading=\"lazy\" decoding=\"async\" width=\"768\" height=\"1024\" data-id=\"271\" src=\"https:\/\/www.lune-bordeaux.fr\/wp-content\/uploads\/2025\/02\/IMG-20250217-WA0003-768x1024.jpg\" alt=\"\" class=\"wp-image-271\" srcset=\"https:\/\/www.lune-bordeaux.fr\/wp-content\/uploads\/2025\/02\/IMG-20250217-WA0003-768x1024.jpg 768w, https:\/\/www.lune-bordeaux.fr\/wp-content\/uploads\/2025\/02\/IMG-20250217-WA0003-225x300.jpg 225w, https:\/\/www.lune-bordeaux.fr\/wp-content\/uploads\/2025\/02\/IMG-20250217-WA0003-1152x1536.jpg 1152w, https:\/\/www.lune-bordeaux.fr\/wp-content\/uploads\/2025\/02\/IMG-20250217-WA0003-1536x2048.jpg 1536w, https:\/\/www.lune-bordeaux.fr\/wp-content\/uploads\/2025\/02\/IMG-20250217-WA0003-416x555.jpg 416w, https:\/\/www.lune-bordeaux.fr\/wp-content\/uploads\/2025\/02\/IMG-20250217-WA0003-scaled.jpg 1920w\" sizes=\"auto, (max-width: 768px) 100vw, 768px\" \/><figcaption class=\"wp-element-caption\"><mark class=\"has-inline-color has-white-color\">Tarte Citron Meringu\u00e9e<\/mark><\/figcaption><\/figure>\n<\/figure>\n\n\n<div class=\"ti-widget ti-goog\" data-layout-id=\"13\" data-set-id=\"light-background\" data-pid=\"b5167179c03e50ec942cb\" data-pager-autoplay-timeout=\"6\" > <div class=\"ti-widget-container ti-col-4\"> <div class=\"ti-footer source-Google\"> <div class=\"ti-row\"> <div class=\"ti-profile-img\"> <img decoding=\"async\" src=\"https:\/\/lh5.googleusercontent.com\/p\/AF1QipNSqlL4cnC4_ja_9Csz35YmVpoO-zcce3KqkC7K=w256-h256-k-no-p\" alt=\"Lune P\u00e2tisserie & Vins\" \/> <\/div> <div class=\"ti-profile-details\"> <div class=\"ti-name\"> Lune P\u00e2tisserie & Vins<\/div> <span class=\"ti-stars\"><span class=\"ti-star f\"><\/span><span class=\"ti-star f\"><\/span><span class=\"ti-star f\"><\/span><span class=\"ti-star f\"><\/span><span class=\"ti-star f\"><\/span><\/span> <div class=\"ti-rating-text\"> <span class=\"nowrap\"><strong>40 avis Google<\/strong><\/span> <\/div> <\/div> <\/div> <\/div> <div class=\"ti-reviews-container\"> <div class=\"ti-controls\"> <div class=\"ti-next\"><\/div> <div class=\"ti-prev\"><\/div> <\/div> <div class=\"ti-reviews-container-wrapper\">  <div data-empty=\"0\" class=\"ti-review-item source-Google\" > <div class=\"ti-inner\"> <div class=\"ti-review-header\"> <div class=\"ti-profile-img\"> <img decoding=\"async\" src=\"https:\/\/lh3.googleusercontent.com\/a-\/AD5-WCnwuWaNmrbsIdUdW43npAke-NZ5j4ArbrhJ3Dl5_w=s120-c-c-rp-w64-h64-mo-br100\" alt=\"Am\u00e9lie Lemaire-Corroy\" \/> <\/div> <div class=\"ti-profile-details\"> <div class=\"ti-name\"> Am\u00e9lie Lemaire-Corroy <\/div> <div class=\"ti-date\">2023-01-06<\/div> <\/div> <\/div> <span class=\"ti-stars\"><span class=\"ti-star f\"><\/span><span class=\"ti-star f\"><\/span><span class=\"ti-star f\"><\/span><span class=\"ti-star f\"><\/span><span class=\"ti-star f\"><\/span><\/span> <div class=\"ti-review-content\"><!-- R-CONTENT -->Valeur s\u00fbre pour les gourmets. De petites merveilles tant pour les yeux que pour les papilles : p\u00e2tisseries comme poiret et cidre (pas encore go\u00fbt\u00e9 le vin). Et un accueil comme on aime : avec le sourire et de bons conseils.<!-- R-CONTENT --><\/div> <span class=\"ti-read-more\" data-container=\".ti-review-content\" data-collapse-text=\"Cacher\" data-open-text=\"Lire la suite\"><\/span> <\/div> <\/div>  <div data-empty=\"0\" class=\"ti-review-item source-Google\" > <div class=\"ti-inner\"> <div class=\"ti-review-header\"> <div class=\"ti-profile-img\"> <img decoding=\"async\" src=\"https:\/\/lh3.googleusercontent.com\/a-\/AD5-WCkkAZMs582weHg9NM8ijgdGLKgC2TwkZKBa43P_XQ=s120-c-c-rp-w64-h64-mo-br100\" alt=\"Alexia MICHAUD\" \/> <\/div> <div class=\"ti-profile-details\"> <div class=\"ti-name\"> Alexia MICHAUD <\/div> <div class=\"ti-date\">2022-12-18<\/div> <\/div> <\/div> <span class=\"ti-stars\"><span class=\"ti-star f\"><\/span><span class=\"ti-star f\"><\/span><span class=\"ti-star f\"><\/span><span class=\"ti-star f\"><\/span><span class=\"ti-star f\"><\/span><\/span> <div class=\"ti-review-content\"><!-- R-CONTENT -->Commande pass\u00e9e \u00e0 distance par mail pour un g\u00e2teau d'anniversaire, prix tr\u00e8s convenable, charlotte aux poires d\u00e9licieuse ! Bien acidul\u00e9e vanill\u00e9e l\u00e9g\u00e8rement sucr\u00e9e. Une perfection on en a pas laiss\u00e9 une seule miette. Tr\u00e8s bel accueil sur place. Merci \u2764\ufe0f<!-- R-CONTENT --><\/div> <span class=\"ti-read-more\" data-container=\".ti-review-content\" data-collapse-text=\"Cacher\" data-open-text=\"Lire la suite\"><\/span> <\/div> <\/div>  <div data-empty=\"0\" class=\"ti-review-item source-Google\" > <div class=\"ti-inner\"> <div class=\"ti-review-header\"> <div class=\"ti-profile-img\"> <img decoding=\"async\" src=\"https:\/\/lh3.googleusercontent.com\/a\/AEdFTp61shbp1FHgQY4Br7-1F_gB2o8kVrTbuBaaPNdZ=s120-c-c-rp-w64-h64-mo-br100\" alt=\"J\u00e9r\u00e9my Wimsingues\" \/> <\/div> <div class=\"ti-profile-details\"> <div class=\"ti-name\"> J\u00e9r\u00e9my Wimsingues <\/div> <div class=\"ti-date\">2022-11-30<\/div> <\/div> <\/div> <span class=\"ti-stars\"><span class=\"ti-star f\"><\/span><span class=\"ti-star f\"><\/span><span class=\"ti-star f\"><\/span><span class=\"ti-star f\"><\/span><span class=\"ti-star f\"><\/span><\/span> <div class=\"ti-review-content\"><!-- R-CONTENT -->Tr\u00e8s bon p\u00e2tissier. Tr\u00e8s arrangeant, familiale, bons produits, prix corrects\u2026 je recommande vivement !<!-- R-CONTENT --><\/div> <span class=\"ti-read-more\" data-container=\".ti-review-content\" data-collapse-text=\"Cacher\" data-open-text=\"Lire la suite\"><\/span> <\/div> <\/div>  <div data-empty=\"0\" class=\"ti-review-item source-Google\" > <div class=\"ti-inner\"> <div class=\"ti-review-header\"> <div class=\"ti-profile-img\"> <img decoding=\"async\" src=\"https:\/\/lh3.googleusercontent.com\/a\/AEdFTp5y4E91hdRI4JH3_Iwp79rx2QK82cvCI-NMZgy1=s120-c-c-rp-w64-h64-mo-ba5-br100\" alt=\"Pascal Lacerenza\" \/> <\/div> <div class=\"ti-profile-details\"> <div class=\"ti-name\"> Pascal Lacerenza <\/div> <div class=\"ti-date\">2022-10-31<\/div> <\/div> <\/div> <span class=\"ti-stars\"><span class=\"ti-star f\"><\/span><span class=\"ti-star f\"><\/span><span class=\"ti-star f\"><\/span><span class=\"ti-star f\"><\/span><span class=\"ti-star f\"><\/span><\/span> <div class=\"ti-review-content\"><!-- R-CONTENT -->Bravo.\nAccord parfait des saveurs et textures en bouche.\nBonne p\u00e2tisserie sur les quais des Chartrons.<!-- R-CONTENT --><\/div> <span class=\"ti-read-more\" data-container=\".ti-review-content\" data-collapse-text=\"Cacher\" data-open-text=\"Lire la suite\"><\/span> <\/div> <\/div>  <div data-empty=\"0\" class=\"ti-review-item source-Google\" > <div class=\"ti-inner\"> <div class=\"ti-review-header\"> <div class=\"ti-profile-img\"> <img decoding=\"async\" src=\"https:\/\/lh3.googleusercontent.com\/a-\/AD5-WCmBTvUxKeLy7shJ0XmoWaVjf4ocGu5LCz4fLGNjAA=s120-c-c-rp-w64-h64-mo-br100\" alt=\"Mailys Labarthe\" \/> <\/div> <div class=\"ti-profile-details\"> <div class=\"ti-name\"> Mailys Labarthe <\/div> <div class=\"ti-date\">2022-10-27<\/div> <\/div> <\/div> <span class=\"ti-stars\"><span class=\"ti-star f\"><\/span><span class=\"ti-star f\"><\/span><span class=\"ti-star f\"><\/span><span class=\"ti-star f\"><\/span><span class=\"ti-star f\"><\/span><\/span> <div class=\"ti-review-content\"><!-- R-CONTENT -->Fan des p\u00e2tisseries de B\u00e9r\u00e9nice : tout est fin et d\u00e9licat. Quant \u00e0 No\u00e9, il a une cave tr\u00e9s vari\u00e9e et est toujours de bons  conseils. Notre adresse pr\u00e9f\u00e9r\u00e9e du quartier depuis bient\u00f4t 1 an.<!-- R-CONTENT --><\/div> <span class=\"ti-read-more\" data-container=\".ti-review-content\" data-collapse-text=\"Cacher\" data-open-text=\"Lire la suite\"><\/span> <\/div> <\/div>  <div data-empty=\"0\" class=\"ti-review-item source-Google\" > <div class=\"ti-inner\"> <div class=\"ti-review-header\"> <div class=\"ti-profile-img\"> <img decoding=\"async\" src=\"https:\/\/lh3.googleusercontent.com\/a\/AEdFTp672RZA9DK7y8recQQCdl66JNu9l_filNPjzqTe=s120-c-c-rp-w64-h64-mo-ba2-br100\" alt=\"Benoit Degenne\" \/> <\/div> <div class=\"ti-profile-details\"> <div class=\"ti-name\"> Benoit Degenne <\/div> <div class=\"ti-date\">2022-10-12<\/div> <\/div> <\/div> <span class=\"ti-stars\"><span class=\"ti-star f\"><\/span><span class=\"ti-star f\"><\/span><span class=\"ti-star f\"><\/span><span class=\"ti-star f\"><\/span><span class=\"ti-star f\"><\/span><\/span> <div class=\"ti-review-content\"><!-- R-CONTENT -->Une superbe p\u00e2tisserie, avec des produits de saison et r\u00e9gionaux.\nLes patisseries propos\u00e9es changent donc en fonction des produits disponibles ce qui nous permet de toujours decouvrir de nouvelles saveurs.<!-- R-CONTENT --><\/div> <span class=\"ti-read-more\" data-container=\".ti-review-content\" data-collapse-text=\"Cacher\" data-open-text=\"Lire la suite\"><\/span> <\/div> <\/div>  <div data-empty=\"0\" class=\"ti-review-item source-Google\" > <div class=\"ti-inner\"> <div class=\"ti-review-header\"> <div class=\"ti-profile-img\"> <img decoding=\"async\" src=\"https:\/\/lh3.googleusercontent.com\/a-\/AD5-WCm4Q1W3PwELluSCRIbFXkptGo_pwBZRY6_ndZzofg=s120-c-c-rp-w64-h64-mo-ba3-br100\" alt=\"Ekarion de Riv\" \/> <\/div> <div class=\"ti-profile-details\"> <div class=\"ti-name\"> Ekarion de Riv <\/div> <div class=\"ti-date\">2022-09-21<\/div> <\/div> <\/div> <span class=\"ti-stars\"><span class=\"ti-star f\"><\/span><span class=\"ti-star f\"><\/span><span class=\"ti-star f\"><\/span><span class=\"ti-star f\"><\/span><span class=\"ti-star f\"><\/span><\/span> <div class=\"ti-review-content\"><!-- R-CONTENT -->Un tr\u00e8s bel endroit, un g\u00e9rant vraiment sympathique, mais surtout, des produits vraiment excellent, de saison et parfaitement transform\u00e9s en de d\u00e9licieuses p\u00e2tisseries. Il faut que je revienne rapidement en prendre une avec un verre de vin !<!-- R-CONTENT --><\/div> <span class=\"ti-read-more\" data-container=\".ti-review-content\" data-collapse-text=\"Cacher\" data-open-text=\"Lire la suite\"><\/span> <\/div> <\/div>  <div data-empty=\"0\" class=\"ti-review-item source-Google\" > <div class=\"ti-inner\"> <div class=\"ti-review-header\"> <div class=\"ti-profile-img\"> <img decoding=\"async\" src=\"https:\/\/lh3.googleusercontent.com\/a-\/AD5-WCkCmVYPW-N45vWPE9RC7tk26dnXWUX2z9UOGkjm=s120-c-c-rp-w64-h64-mo-br100\" alt=\"Marion Pac\" \/> <\/div> <div class=\"ti-profile-details\"> <div class=\"ti-name\"> Marion Pac <\/div> <div class=\"ti-date\">2022-09-15<\/div> <\/div> <\/div> <span class=\"ti-stars\"><span class=\"ti-star f\"><\/span><span class=\"ti-star f\"><\/span><span class=\"ti-star f\"><\/span><span class=\"ti-star f\"><\/span><span class=\"ti-star f\"><\/span><\/span> <div class=\"ti-review-content\"><!-- R-CONTENT -->Vraiment incroyable !!\nLe fraisier c\u2019est une tuerie et pour couronner le tout le vendeur est adorable !\nUn super endroit<!-- R-CONTENT --><\/div> <span class=\"ti-read-more\" data-container=\".ti-review-content\" data-collapse-text=\"Cacher\" data-open-text=\"Lire la suite\"><\/span> <\/div> <\/div>  <div data-empty=\"0\" class=\"ti-review-item source-Google\" > <div class=\"ti-inner\"> <div class=\"ti-review-header\"> <div class=\"ti-profile-img\"> <img decoding=\"async\" src=\"https:\/\/lh3.googleusercontent.com\/a-\/AD5-WCnedyDTDATTAemZrzhbwK2cQUsotGtb63_Edze84g=s120-c-c-rp-w64-h64-mo-br100\" alt=\"Jade Luquet\" \/> <\/div> <div class=\"ti-profile-details\"> <div class=\"ti-name\"> Jade Luquet <\/div> <div class=\"ti-date\">2022-09-09<\/div> <\/div> <\/div> <span class=\"ti-stars\"><span class=\"ti-star f\"><\/span><span class=\"ti-star f\"><\/span><span class=\"ti-star f\"><\/span><span class=\"ti-star f\"><\/span><span class=\"ti-star f\"><\/span><\/span> <div class=\"ti-review-content\"><!-- R-CONTENT -->Une jolie boutique, un personnel charmant, de beaux vins, et des p\u00e2tisseries d'une grande finesse. Tout donne envie de revenir!<!-- R-CONTENT --><\/div> <span class=\"ti-read-more\" data-container=\".ti-review-content\" data-collapse-text=\"Cacher\" data-open-text=\"Lire la suite\"><\/span> <\/div> <\/div>  <\/div> <div class=\"ti-controls-dots\"> <div class=\"dot active\"><\/div> <\/div> <\/div> <\/div> <\/div>\n\n\n<hr class=\"wp-block-separator has-alpha-channel-opacity\" \/>\n","protected":false},"excerpt":{"rendered":"<p>En ce moment \u00e0 la carte<\/p>\n","protected":false},"author":1,"featured_media":0,"parent":0,"menu_order":0,"comment_status":"closed","ping_status":"closed","template":"","meta":{"footnotes":""},"class_list":["post-40","page","type-page","status-publish","hentry"],"_links":{"self":[{"href":"https:\/\/www.lune-bordeaux.fr\/index.php\/wp-json\/wp\/v2\/pages\/40","targetHints":{"allow":["GET"]}}],"collection":[{"href":"https:\/\/www.lune-bordeaux.fr\/index.php\/wp-json\/wp\/v2\/pages"}],"about":[{"href":"https:\/\/www.lune-bordeaux.fr\/index.php\/wp-json\/wp\/v2\/types\/page"}],"author":[{"embeddable":true,"href":"https:\/\/www.lune-bordeaux.fr\/index.php\/wp-json\/wp\/v2\/users\/1"}],"replies":[{"embeddable":true,"href":"https:\/\/www.lune-bordeaux.fr\/index.php\/wp-json\/wp\/v2\/comments?post=40"}],"version-history":[{"count":50,"href":"https:\/\/www.lune-bordeaux.fr\/index.php\/wp-json\/wp\/v2\/pages\/40\/revisions"}],"predecessor-version":[{"id":303,"href":"https:\/\/www.lune-bordeaux.fr\/index.php\/wp-json\/wp\/v2\/pages\/40\/revisions\/303"}],"wp:attachment":[{"href":"https:\/\/www.lune-bordeaux.fr\/index.php\/wp-json\/wp\/v2\/media?parent=40"}],"curies":[{"name":"wp","href":"https:\/\/api.w.org\/{rel}","templated":true}]}}